{"id":52181,"date":"2020-06-18T17:42:32","date_gmt":"2020-06-18T15:42:32","guid":{"rendered":"https:\/\/www.brainpoldhof.de\/?page_id=52181"},"modified":"2026-03-17T16:47:26","modified_gmt":"2026-03-17T15:47:26","slug":"privacy-policy","status":"publish","type":"page","link":"https:\/\/www.brainpoldhof.de\/en\/privacy-policy\/","title":{"rendered":"Privacy Policy"},"content":{"rendered":"<p>[et_pb_section fb_built=&#8221;1&#8243; _builder_version=&#8221;4.16&#8243; global_colors_info=&#8221;{}&#8221;][et_pb_row _builder_version=&#8221;4.16&#8243; global_colors_info=&#8221;{}&#8221;][et_pb_column type=&#8221;4_4&#8243; _builder_version=&#8221;4.16&#8243; global_colors_info=&#8221;{}&#8221;][et_pb_text _builder_version=&#8221;4.27.6&#8243; header_font=&#8221;|700|||||||&#8221; header_font_size=&#8221;33px&#8221; header_2_font=&#8221;|600|||||||&#8221; header_2_font_size=&#8221;21px&#8221; hover_enabled=&#8221;0&#8243; global_colors_info=&#8221;{}&#8221; sticky_enabled=&#8221;0&#8243;]<\/p>\n<div class=\"datenschutz-container\">\n<h2>Datenschutzerkl\u00e4rung<\/h2>\n<p>Verantwortlicher im Sinne der Datenschutzgesetze ist:<\/p>\n<p>Karosser Pferdezucht und -pension GbR<br \/>Brainpold 3<br \/>83075 Bad Feilnbach<br \/>E-Mail: mail@brainpoldhof.de<\/p>\n<h3>Ihre Betroffenenrechte<\/h3>\n<p>Sie k\u00f6nnen jederzeit folgende Rechte aus\u00fcben:<\/p>\n<ol>\n<li>Auskunft \u00fcber Ihre bei uns gespeicherten Daten (Art. 15 DSGVO)<\/li>\n<li>Berichtigung unrichtiger Daten (Art. 16 DSGVO)<\/li>\n<li>L\u00f6schung Ihrer Daten (Art. 17 DSGVO)<\/li>\n<li>Einschr\u00e4nkung der Datenverarbeitung (Art. 18 DSGVO)<\/li>\n<li>Widerspruch gegen die Verarbeitung (Art. 21 DSGVO)<\/li>\n<li>Daten\u00fcbertragbarkeit (Art. 20 DSGVO)<\/li>\n<\/ol>\n<p>Zudem haben Sie das Recht, sich bei einer Datenschutz-Aufsichtsbeh\u00f6rde zu beschweren.<\/p>\n<h3>Cookies und Einwilligung<\/h3>\n<p>Unsere Website verwendet Cookies. Technisch notwendige Cookies werden zur Bereitstellung der Website genutzt (\u00a7 25 Abs. 2 TDDDG). F\u00fcr alle weiteren Cookies (z. B. Analyse oder externe Medien) fragen wir Sie beim Aufruf der Seite \u00fcber unser Einwilligung-Banner (z. B. Borlabs) um Erlaubnis. Rechtsgrundlage ist Ihre Einwilligung nach Art. 6 Abs. 1 lit. a DSGVO i.V.m. \u00a7 25 Abs. 1 TDDDG.<\/p>\n<h3>Newsletter<\/h3>\n<p>Wenn Sie unseren Newsletter abonnieren, verwenden wir Ihre E-Mail-Adresse ausschlie\u00dflich f\u00fcr diesen Zweck. Die Anmeldung erfolgt im Double-opt-in-Verfahren. Sie k\u00f6nnen den Newsletter jederzeit \u00fcber den Link in der E-Mail abbestellen oder uns Ihren Widerruf direkt mitteilen.<\/p>\n<h3>Kontaktformular<\/h3>\n<p>Die von Ihnen eingegebenen Daten werden zum Zweck der individuellen Kommunikation und Beantwortung Ihrer Anfrage gespeichert. Rechtsgrundlage ist unser berechtigtes Interesse (Art. 6 Abs. 1 lit. f DSGVO) oder, bei Angebotsanfragen, die Durchf\u00fchrung vorvertraglicher Ma\u00dfnahmen (Art. 6 Abs. 1 lit. b DSGVO).<\/p>\n<h3>Google Analytics, Maps und Web Fonts<\/h3>\n<p>Wir nutzen Dienste der Google Ireland Limited (Gordon House, Barrow Street, Dublin 4, Irland).<br \/>Dazu geh\u00f6ren Google Analytics (Webanalyse), Google Maps (Anfahrt) und Google Web Fonts (Schriftarten).<br \/>Diese Dienste werden erst nach Ihrer ausdr\u00fccklichen Einwilligung \u00fcber unser Cookie-Banner geladen. Ein Datentransfer in die USA ist durch das EU-US Data Privacy Framework abgesichert.<\/p>\n<h3>Eingebettete YouTube-Videos<\/h3>\n<p>Wir binden Videos von YouTube ein. Diese werden im \u201eerweiterten Datenschutzmodus\u201c geladen, sodass Daten erst beim aktiven Start des Videos an YouTube \u00fcbertragen werden. Auch hierf\u00fcr holen wir vorab Ihre Einwilligung \u00fcber das Cookie-Banner ein.<\/p>\n<h3>SSL-Verschl\u00fcsselung<\/h3>\n<p>Um die Sicherheit Ihrer Daten bei der \u00dcbertragung zu sch\u00fctzen, verwenden wir dem aktuellen Stand der Technik entsprechende Verschl\u00fcsselungsverfahren (SSL\/TLS) \u00fcber HTTPS.<\/p>\n<p><strong>Stand: M\u00e4rz 2026<\/strong><\/p>\n<\/div>\n<p>[\/et_pb_text][\/et_pb_column][\/et_pb_row][\/et_pb_section]<\/p>\n","protected":false},"excerpt":{"rendered":"<p>Datenschutzerkl\u00e4rung Verantwortlicher im Sinne der Datenschutzgesetze ist: Karosser Pferdezucht und -pension GbRBrainpold 383075 Bad FeilnbachE-Mail: mail@brainpoldhof.de Ihre Betroffenenrechte Sie k\u00f6nnen jederzeit folgende Rechte aus\u00fcben: Auskunft \u00fcber Ihre bei uns gespeicherten Daten (Art. 15 DSGVO) Berichtigung unrichtiger Daten (Art. 16 DSGVO) L\u00f6schung Ihrer Daten (Art. 17 DSGVO) Einschr\u00e4nkung der Datenverarbeitung (Art. 18 DSGVO) Widerspruch gegen die [&hellip;]<\/p>\n","protected":false},"author":29,"featured_media":0,"parent":0,"menu_order":0,"comment_status":"closed","ping_status":"closed","template":"","meta":{"_et_pb_use_builder":"on","_et_pb_old_content":"","_et_gb_content_width":"","footnotes":""},"class_list":["post-52181","page","type-page","status-publish","hentry"],"_links":{"self":[{"href":"https:\/\/www.brainpoldhof.de\/en\/wp-json\/wp\/v2\/pages\/52181","targetHints":{"allow":["GET"]}}],"collection":[{"href":"https:\/\/www.brainpoldhof.de\/en\/wp-json\/wp\/v2\/pages"}],"about":[{"href":"https:\/\/www.brainpoldhof.de\/en\/wp-json\/wp\/v2\/types\/page"}],"author":[{"embeddable":true,"href":"https:\/\/www.brainpoldhof.de\/en\/wp-json\/wp\/v2\/users\/29"}],"replies":[{"embeddable":true,"href":"https:\/\/www.brainpoldhof.de\/en\/wp-json\/wp\/v2\/comments?post=52181"}],"version-history":[{"count":5,"href":"https:\/\/www.brainpoldhof.de\/en\/wp-json\/wp\/v2\/pages\/52181\/revisions"}],"predecessor-version":[{"id":297697,"href":"https:\/\/www.brainpoldhof.de\/en\/wp-json\/wp\/v2\/pages\/52181\/revisions\/297697"}],"wp:attachment":[{"href":"https:\/\/www.brainpoldhof.de\/en\/wp-json\/wp\/v2\/media?parent=52181"}],"curies":[{"name":"wp","href":"https:\/\/api.w.org\/{rel}","templated":true}]}}