{"id":52171,"date":"2020-06-18T17:27:30","date_gmt":"2020-06-18T15:27:30","guid":{"rendered":"https:\/\/www.brainpoldhof.de\/?page_id=52171"},"modified":"2026-03-17T18:23:30","modified_gmt":"2026-03-17T17:23:30","slug":"imprint","status":"publish","type":"page","link":"https:\/\/www.brainpoldhof.de\/en\/imprint\/","title":{"rendered":"Imprint"},"content":{"rendered":"<p>[et_pb_section fb_built=&#8221;1&#8243; _builder_version=&#8221;4.16&#8243; global_colors_info=&#8221;{}&#8221;][et_pb_row _builder_version=&#8221;4.16&#8243; global_colors_info=&#8221;{}&#8221;][et_pb_column type=&#8221;4_4&#8243; _builder_version=&#8221;4.16&#8243; global_colors_info=&#8221;{}&#8221;][et_pb_text _builder_version=&#8221;4.27.6&#8243; header_font=&#8221;|700|||||||&#8221; header_font_size=&#8221;33px&#8221; header_2_font=&#8221;|600|||||||&#8221; header_2_font_size=&#8221;21px&#8221; hover_enabled=&#8221;0&#8243; global_colors_info=&#8221;{}&#8221; sticky_enabled=&#8221;0&#8243;]<\/p>\n<h1>Legal Disclosure<\/h1>\n<p data-path-to-node=\"4\"><b data-path-to-node=\"4\" data-index-in-node=\"0\">Karosser Pferdezucht und -pension GbR<\/b><br \/>Brainpold 3 83075<br \/>Bad Feilnbach<br \/>Deutschland<\/p>\n<p data-path-to-node=\"5\"><b data-path-to-node=\"5\" data-index-in-node=\"0\">Vertreten durch die Gesellschafter:<\/b> Kathrin Karosser und Georg Karosser<\/p>\n<p data-path-to-node=\"6\"><b data-path-to-node=\"6\" data-index-in-node=\"0\">Kontaktm\u00f6glichkeiten<\/b><br \/>Email: <a href=\"mailto:mail@brainpoldhof.de\">mail@brainpoldhof.de <\/a><br \/>Telefon: +49 8066 665<br \/>Kontaktformular: <response-element class=\"\" ng-version=\"0.0.0-PLACEHOLDER\"> <link-block _nghost-ng-c2430635819=\"\" class=\"ng-star-inserted\"><a _ngcontent-ng-c2430635819=\"\" target=\"_blank\" rel=\"noopener\" externallink=\"\" _nghost-ng-c2686588824=\"\" jslog=\"197247;track:generic_click,impression,attention;BardVeMetadataKey:[[&quot;r_bad53fa3f75e36e2&quot;,&quot;c_7a2e8afbbaaf4679&quot;,null,&quot;rc_cbf46cc6ab1401a4&quot;,null,null,&quot;de&quot;,null,1,null,null,1,0]]\" href=\"https:\/\/www.brainpoldhof.de\/kontakt\/\" class=\"ng-star-inserted\" data-hveid=\"0\" decode-data-ved=\"1\" data-ved=\"0CAAQ_4QMahgKEwjxytHh7KaTAxUAAAAAHQAAAAAQhgU\">https:\/\/www.brainpoldhof.de\/kontakt\/<\/a><\/link-block><\/response-element><\/p>\n<p data-path-to-node=\"7\"><b data-path-to-node=\"7\" data-index-in-node=\"0\">Angaben zum Unternehmen<\/b><br \/>Umsatzsteuer Identifikationsnummer (USt-ID): DE285282645<\/p>\n<p data-path-to-node=\"8\"><b data-path-to-node=\"8\" data-index-in-node=\"0\">Verantwortlich f\u00fcr den Inhalt nach \u00a7 18 Abs. 2 MStV:<br \/><\/b>Kathrin Karosser<br \/>Brainpold 3<br \/>83075 Bad Feilnbach<\/p>\n<hr data-path-to-node=\"9\" \/>\n<h3 data-path-to-node=\"10\"><strong><br \/>Haftungs- und Urheberrechtshinweise<\/strong><\/h3>\n<p data-path-to-node=\"11\"><b data-path-to-node=\"11\" data-index-in-node=\"0\">Haftungsausschluss<\/b><br \/>Die Inhalte dieses Onlineangebotes wurden sorgf\u00e4ltig erstellt. Sie dienen der Information und entfalten keine rechtlich bindende Wirkung, sofern es sich nicht um gesetzlich verpflichtende Informationen handelt. Wir behalten uns vor, Inhalte zu \u00e4ndern oder zu l\u00f6schen, soweit vertragliche Verpflichtungen unber\u00fchrt bleiben. Alle Angebote sind freibleibend.<\/p>\n<p data-path-to-node=\"12\"><b data-path-to-node=\"12\" data-index-in-node=\"0\">Links auf fremde Webseiten<\/b><br \/>Inhalte fremder Webseiten, auf die wir verweisen, liegen au\u00dferhalb unseres Verantwortungsbereiches. Wir machen uns diese Inhalte nicht zu eigen. F\u00fcr Sch\u00e4den aus der Nutzung verlinkter Informationen haftet allein der Anbieter der jeweiligen Seite.<\/p>\n<p data-path-to-node=\"13\"><b data-path-to-node=\"13\" data-index-in-node=\"0\">Urheberrechte und Markenrechte<\/b><br \/>Alle auf dieser Website dargestellten Inhalte (Texte, Fotos, Grafiken) sind durch Urheber- oder Markenrechte gesch\u00fctzt. Die Verwendung oder Vervielf\u00e4ltigung bedarf der schriftlichen Zustimmung der jeweiligen Rechteinhaber.<\/p>\n<p data-path-to-node=\"14\"><b data-path-to-node=\"14\" data-index-in-node=\"0\">Bildnachweise<\/b> Urheberrechtshinweise zu den verwendeten Fotos: Malin Wengdahl (<response-element class=\"\" ng-version=\"0.0.0-PLACEHOLDER\"> <link-block _nghost-ng-c2430635819=\"\" class=\"ng-star-inserted\"><a _ngcontent-ng-c2430635819=\"\" target=\"_blank\" rel=\"noopener\" externallink=\"\" _nghost-ng-c2686588824=\"\" jslog=\"197247;track:generic_click,impression,attention;BardVeMetadataKey:[[&quot;r_bad53fa3f75e36e2&quot;,&quot;c_7a2e8afbbaaf4679&quot;,null,&quot;rc_cbf46cc6ab1401a4&quot;,null,null,&quot;de&quot;,null,1,null,null,1,0]]\" href=\"http:\/\/equinebywengdahl.com\" class=\"ng-star-inserted\" data-hveid=\"0\" decode-data-ved=\"1\" data-ved=\"0CAAQ_4QMahgKEwjxytHh7KaTAxUAAAAAHQAAAAAQhwU\">http:\/\/equinebywengdahl.com<\/a><\/link-block><\/response-element>)<\/p>\n<p data-path-to-node=\"15\"><b data-path-to-node=\"15\" data-index-in-node=\"0\">Hinweise auf Rechtsverst\u00f6\u00dfe<\/b><br \/>Sollten Sie innerhalb unseres Internetauftritts Rechtsverst\u00f6\u00dfe bemerken, bitten wir um einen entsprechenden Hinweis. Wir werden rechtswidrige Inhalte und Links nach Kenntnisnahme unverz\u00fcglich entfernen.<\/p>\n<p>[\/et_pb_text][\/et_pb_column][\/et_pb_row][\/et_pb_section]<\/p>\n","protected":false},"excerpt":{"rendered":"<p>Legal Disclosure Karosser Pferdezucht und -pension GbRBrainpold 3 83075Bad FeilnbachDeutschland Vertreten durch die Gesellschafter: Kathrin Karosser und Georg Karosser Kontaktm\u00f6glichkeitenEmail: mail@brainpoldhof.de Telefon: +49 8066 665Kontaktformular: https:\/\/www.brainpoldhof.de\/kontakt\/ Angaben zum UnternehmenUmsatzsteuer Identifikationsnummer (USt-ID): DE285282645 Verantwortlich f\u00fcr den Inhalt nach \u00a7 18 Abs. 2 MStV:Kathrin KarosserBrainpold 383075 Bad Feilnbach Haftungs- und Urheberrechtshinweise HaftungsausschlussDie Inhalte dieses Onlineangebotes wurden sorgf\u00e4ltig [&hellip;]<\/p>\n","protected":false},"author":29,"featured_media":0,"parent":0,"menu_order":0,"comment_status":"closed","ping_status":"closed","template":"","meta":{"_et_pb_use_builder":"on","_et_pb_old_content":"","_et_gb_content_width":"","footnotes":""},"class_list":["post-52171","page","type-page","status-publish","hentry"],"_links":{"self":[{"href":"https:\/\/www.brainpoldhof.de\/en\/wp-json\/wp\/v2\/pages\/52171","targetHints":{"allow":["GET"]}}],"collection":[{"href":"https:\/\/www.brainpoldhof.de\/en\/wp-json\/wp\/v2\/pages"}],"about":[{"href":"https:\/\/www.brainpoldhof.de\/en\/wp-json\/wp\/v2\/types\/page"}],"author":[{"embeddable":true,"href":"https:\/\/www.brainpoldhof.de\/en\/wp-json\/wp\/v2\/users\/29"}],"replies":[{"embeddable":true,"href":"https:\/\/www.brainpoldhof.de\/en\/wp-json\/wp\/v2\/comments?post=52171"}],"version-history":[{"count":6,"href":"https:\/\/www.brainpoldhof.de\/en\/wp-json\/wp\/v2\/pages\/52171\/revisions"}],"predecessor-version":[{"id":297703,"href":"https:\/\/www.brainpoldhof.de\/en\/wp-json\/wp\/v2\/pages\/52171\/revisions\/297703"}],"wp:attachment":[{"href":"https:\/\/www.brainpoldhof.de\/en\/wp-json\/wp\/v2\/media?parent=52171"}],"curies":[{"name":"wp","href":"https:\/\/api.w.org\/{rel}","templated":true}]}}